{"id":2314,"date":"2017-12-04T16:10:55","date_gmt":"2017-12-04T15:10:55","guid":{"rendered":"http:\/\/gesundezellen.net\/?page_id=2314"},"modified":"2020-11-17T20:44:27","modified_gmt":"2020-11-17T19:44:27","slug":"arthrose-vorbeugen","status":"publish","type":"page","link":"https:\/\/gesundezellen.net\/gz-start\/arthrose-vorbeugen\/","title":{"rendered":"Arthrose &#038; Arthritis schnell beenden"},"content":{"rendered":"\t\t<div data-elementor-type=\"wp-post\" data-elementor-id=\"2314\" class=\"elementor elementor-2314\" data-elementor-settings=\"[]\">\n\t\t\t\t\t\t<div class=\"elementor-inner\">\n\t\t\t\t\t\t\t<div class=\"elementor-section-wrap\">\n\t\t\t\t\t\t\t<section class=\"elementor-section elementor-top-section elementor-element elementor-element-1a2cb56 elementor-section-boxed elementor-section-height-default elementor-section-height-default\" data-id=\"1a2cb56\" data-element_type=\"section\">\n\t\t\t\t\t\t<div class=\"elementor-container elementor-column-gap-default\">\n\t\t\t\t\t\t\t<div class=\"elementor-row\">\n\t\t\t\t\t<div class=\"elementor-column elementor-col-100 elementor-top-column elementor-element elementor-element-5ae0f18\" data-id=\"5ae0f18\" data-element_type=\"column\">\n\t\t\t<div class=\"elementor-column-wrap elementor-element-populated\">\n\t\t\t\t\t\t\t<div class=\"elementor-widget-wrap\">\n\t\t\t\t\t\t<div class=\"elementor-element elementor-element-4ba3821 elementor-align-center elementor-widget elementor-widget-default-navmenu\" data-id=\"4ba3821\" data-element_type=\"widget\" data-widget_type=\"default-navmenu.default\">\n\t\t\t\t<div class=\"elementor-widget-container\">\n\t\t\t<div id=\"elementor-header-primary\" class=\"elementor-header\">\t\t\t<button id=\"elementor-menu-toggle\" class=\"elementor-menu-toggle\"><i class=\"fa fa-navicon\"><\/i><\/button>\n\t\t\t<div id=\"elementor-menu\" class=\"elementor-menu\">\n\t\t\t\n\t\t\t\t<nav itemtype=\"http:\/\/schema.org\/SiteNavigationElement\" itemscope=\"itemscope\" id=\"elementor-navigation\" class=\"elementor-navigation\" role=\"navigation\" aria-label=\"Elementor Menu\">\t\t\t\t\n\t\t\t\t<ul id=\"elementor-navmenu\" class=\"elementor-nav-menu\"><li id=\"menu-item-6531\" class=\"menu-item menu-item-type-post_type menu-item-object-page menu-item-home menu-item-6531\"><a href=\"https:\/\/gesundezellen.net\/gz-start\/\">GZ Start<\/a><\/li>\n<li id=\"menu-item-6543\" class=\"menu-item menu-item-type-post_type menu-item-object-page menu-item-has-children menu-item-6543\"><a href=\"https:\/\/gesundezellen.net\/gz-start\/gesunde-zellen\/\">gesunde Zellen<\/a>\n<ul class=\"sub-menu\">\n\t<li id=\"menu-item-6544\" class=\"menu-item menu-item-type-post_type menu-item-object-page menu-item-6544\"><a href=\"https:\/\/gesundezellen.net\/gz-start\/grundlagen\/\">Grundlagen<\/a><\/li>\n\t<li id=\"menu-item-6632\" class=\"menu-item menu-item-type-post_type menu-item-object-page menu-item-6632\"><a href=\"https:\/\/gesundezellen.net\/gz-start\/entzuendungen-verhindern\/\">Entz\u00fcndungen verhindern<\/a><\/li>\n\t<li id=\"menu-item-6575\" class=\"menu-item menu-item-type-post_type menu-item-object-page menu-item-6575\"><a href=\"https:\/\/gesundezellen.net\/gz-start\/arthrose-vorbeugen\/\">Arthrose &#038; Arthritis schnell beenden<\/a><\/li>\n\t<li id=\"menu-item-6536\" class=\"menu-item menu-item-type-post_type menu-item-object-page menu-item-6536\"><a href=\"https:\/\/gesundezellen.net\/gz-start\/glueck-serotonin\/\">Gl\u00fcck = Serotonin<\/a><\/li>\n\t<li id=\"menu-item-6557\" class=\"menu-item menu-item-type-post_type menu-item-object-page menu-item-6557\"><a href=\"https:\/\/gesundezellen.net\/gz-start\/gesundes-herz-2\/\">gesundes Herz<\/a><\/li>\n<\/ul>\n<\/li>\n<\/ul>\t\t\n\t\t\t\t\t\t\t\t<\/nav>\n\t\t\t<\/div>\n\t\t<\/div>\n\t\t\t\t<\/div>\n\t\t\t\t<\/div>\n\t\t\t\t\t\t<\/div>\n\t\t\t\t\t<\/div>\n\t\t<\/div>\n\t\t\t\t\t\t\t\t<\/div>\n\t\t\t\t\t<\/div>\n\t\t<\/section>\n\t\t\t\t<section class=\"elementor-section elementor-top-section elementor-element elementor-element-2ec5fa8 elementor-section-boxed elementor-section-height-default elementor-section-height-default\" data-id=\"2ec5fa8\" data-element_type=\"section\">\n\t\t\t\t\t\t<div class=\"elementor-container elementor-column-gap-default\">\n\t\t\t\t\t\t\t<div class=\"elementor-row\">\n\t\t\t\t\t<div class=\"elementor-column elementor-col-100 elementor-top-column elementor-element elementor-element-03ecdd9\" data-id=\"03ecdd9\" data-element_type=\"column\">\n\t\t\t<div class=\"elementor-column-wrap elementor-element-populated\">\n\t\t\t\t\t\t\t<div class=\"elementor-widget-wrap\">\n\t\t\t\t\t\t<div class=\"elementor-element elementor-element-53fb946 elementor-widget elementor-widget-heading\" data-id=\"53fb946\" data-element_type=\"widget\" data-widget_type=\"heading.default\">\n\t\t\t\t<div class=\"elementor-widget-container\">\n\t\t\t<h2 class=\"elementor-heading-title elementor-size-default\">Arthrose & Arthritis in 7 Tagen beenden<\/h2>\t\t<\/div>\n\t\t\t\t<\/div>\n\t\t\t\t<div class=\"elementor-element elementor-element-ab63e77 elementor-widget elementor-widget-text-editor\" data-id=\"ab63e77\" data-element_type=\"widget\" data-widget_type=\"text-editor.default\">\n\t\t\t\t<div class=\"elementor-widget-container\">\n\t\t\t\t\t\t\t\t<div class=\"elementor-text-editor elementor-clearfix\">\n\t\t\t\t\t<p>Arthrose war was mich getroffen hat und ich habe es in 7 Tagen beendet. Vor 11 Jahren bereits hatte ich Arthrose und solch starke Knieschmerzen dass ich im Urlaub nicht mit der Familie mitgehen konnte bei einer kleinen Bergbesteigung.\u00a0<\/p><p>Heute, 11 Jahre sp\u00e4ter kenne ich solche Probleme nicht mehr.<\/p>\t\t\t\t\t<\/div>\n\t\t\t\t\t\t<\/div>\n\t\t\t\t<\/div>\n\t\t\t\t\t\t<\/div>\n\t\t\t\t\t<\/div>\n\t\t<\/div>\n\t\t\t\t\t\t\t\t<\/div>\n\t\t\t\t\t<\/div>\n\t\t<\/section>\n\t\t\t\t<section class=\"elementor-section elementor-top-section elementor-element elementor-element-cf8551f elementor-section-boxed elementor-section-height-default elementor-section-height-default\" data-id=\"cf8551f\" data-element_type=\"section\">\n\t\t\t\t\t\t<div class=\"elementor-container elementor-column-gap-default\">\n\t\t\t\t\t\t\t<div class=\"elementor-row\">\n\t\t\t\t\t<div class=\"elementor-column elementor-col-100 elementor-top-column elementor-element elementor-element-6e99baf\" data-id=\"6e99baf\" data-element_type=\"column\">\n\t\t\t<div class=\"elementor-column-wrap elementor-element-populated\">\n\t\t\t\t\t\t\t<div class=\"elementor-widget-wrap\">\n\t\t\t\t\t\t<div class=\"elementor-element elementor-element-cb16a8e elementor-widget elementor-widget-heading\" data-id=\"cb16a8e\" data-element_type=\"widget\" data-widget_type=\"heading.default\">\n\t\t\t\t<div class=\"elementor-widget-container\">\n\t\t\t<h2 class=\"elementor-heading-title elementor-size-default\">Was ist Arthrose?<\/h2>\t\t<\/div>\n\t\t\t\t<\/div>\n\t\t\t\t<div class=\"elementor-element elementor-element-037b1e9 elementor-drop-cap-yes elementor-drop-cap-view-default elementor-widget elementor-widget-text-editor\" data-id=\"037b1e9\" data-element_type=\"widget\" data-settings=\"{&quot;drop_cap&quot;:&quot;yes&quot;}\" data-widget_type=\"text-editor.default\">\n\t\t\t\t<div class=\"elementor-widget-container\">\n\t\t\t\t\t\t\t\t<div class=\"elementor-text-editor elementor-clearfix\">\n\t\t\t\t\t<p><span style=\"color: #000000; font-size: 16px;\">Arthrose bedeutet, dass der Knorpel des betroffenen Gelenkes gesch\u00e4digt ist. Da der Knorpel die Polsterung zwischen den Gelenken darstellt, reibt Knochen gegen Knochen, was Schmerzen, Entz\u00fcndungen\u00a0und eine eingeschr\u00e4nkte Beweglichkeit zur Folge hat.\u00a0<\/span>Arthrose entwickelt sich \u00fcber einen l\u00e4ngeren Zeitraum. Die Folge sind leichte bis sehr starke Schmerzen.\u00a0<br \/>Die Arthrose kann sich durch Entz\u00fcndung zur Arthritis weiterentwickeln.\u00a0<\/p>\t\t\t\t\t<\/div>\n\t\t\t\t\t\t<\/div>\n\t\t\t\t<\/div>\n\t\t\t\t<div class=\"elementor-element elementor-element-1987743 elementor-widget elementor-widget-text-editor\" data-id=\"1987743\" data-element_type=\"widget\" data-widget_type=\"text-editor.default\">\n\t\t\t\t<div class=\"elementor-widget-container\">\n\t\t\t\t\t\t\t\t<div class=\"elementor-text-editor elementor-clearfix\">\n\t\t\t\t\t<p><a href=\"http:\/\/www.arthrose1.info\/was-ist-der-unterschied-zwischen-arthrose-und-arthritis\" target=\"_blank\" rel=\"noopener\"><span style=\"text-decoration: underline;\">Hier erfahren Sie mehr Infos zu Arthrose und Arthritis<\/span><\/a><\/p>\t\t\t\t\t<\/div>\n\t\t\t\t\t\t<\/div>\n\t\t\t\t<\/div>\n\t\t\t\t\t\t<\/div>\n\t\t\t\t\t<\/div>\n\t\t<\/div>\n\t\t\t\t\t\t\t\t<\/div>\n\t\t\t\t\t<\/div>\n\t\t<\/section>\n\t\t\t\t<section class=\"elementor-section elementor-top-section elementor-element elementor-element-6ce9cdc elementor-section-boxed elementor-section-height-default elementor-section-height-default\" data-id=\"6ce9cdc\" data-element_type=\"section\">\n\t\t\t\t\t\t<div class=\"elementor-container elementor-column-gap-default\">\n\t\t\t\t\t\t\t<div class=\"elementor-row\">\n\t\t\t\t\t<div class=\"elementor-column elementor-col-100 elementor-top-column elementor-element elementor-element-c8ef972\" data-id=\"c8ef972\" data-element_type=\"column\">\n\t\t\t<div class=\"elementor-column-wrap elementor-element-populated\">\n\t\t\t\t\t\t\t<div class=\"elementor-widget-wrap\">\n\t\t\t\t\t\t<div class=\"elementor-element elementor-element-b5c80bb elementor-widget elementor-widget-image\" data-id=\"b5c80bb\" data-element_type=\"widget\" data-widget_type=\"image.default\">\n\t\t\t\t<div class=\"elementor-widget-container\">\n\t\t\t\t\t\t\t\t<div class=\"elementor-image\">\n\t\t\t\t\t\t\t\t\t\t\t\t<img width=\"300\" height=\"193\" src=\"https:\/\/gesundezellen.net\/wp-content\/uploads\/gesund_und_1513329508-300x193.jpg\" class=\"attachment-medium size-medium\" alt=\"\" loading=\"lazy\" srcset=\"https:\/\/gesundezellen.net\/wp-content\/uploads\/gesund_und_1513329508-300x193.jpg 300w, https:\/\/gesundezellen.net\/wp-content\/uploads\/gesund_und_1513329508-416x268.jpg 416w, https:\/\/gesundezellen.net\/wp-content\/uploads\/gesund_und_1513329508-768x494.jpg 768w, https:\/\/gesundezellen.net\/wp-content\/uploads\/gesund_und_1513329508-1024x659.jpg 1024w, https:\/\/gesundezellen.net\/wp-content\/uploads\/gesund_und_1513329508.jpg 1280w\" sizes=\"(max-width: 300px) 100vw, 300px\" \/>\t\t\t\t\t\t\t\t\t\t\t\t\t\t<\/div>\n\t\t\t\t\t\t<\/div>\n\t\t\t\t<\/div>\n\t\t\t\t\t\t<\/div>\n\t\t\t\t\t<\/div>\n\t\t<\/div>\n\t\t\t\t\t\t\t\t<\/div>\n\t\t\t\t\t<\/div>\n\t\t<\/section>\n\t\t\t\t<section class=\"elementor-section elementor-top-section elementor-element elementor-element-ae53b03 elementor-section-boxed elementor-section-height-default elementor-section-height-default\" data-id=\"ae53b03\" data-element_type=\"section\">\n\t\t\t\t\t\t<div class=\"elementor-container elementor-column-gap-default\">\n\t\t\t\t\t\t\t<div class=\"elementor-row\">\n\t\t\t\t\t<div class=\"elementor-column elementor-col-100 elementor-top-column elementor-element elementor-element-828d27d\" data-id=\"828d27d\" data-element_type=\"column\">\n\t\t\t<div class=\"elementor-column-wrap elementor-element-populated\">\n\t\t\t\t\t\t\t<div class=\"elementor-widget-wrap\">\n\t\t\t\t\t\t<div class=\"elementor-element elementor-element-c471856 elementor-widget elementor-widget-heading\" data-id=\"c471856\" data-element_type=\"widget\" data-widget_type=\"heading.default\">\n\t\t\t\t<div class=\"elementor-widget-container\">\n\t\t\t<h2 class=\"elementor-heading-title elementor-size-default\">Was ist Arthritis<\/h2>\t\t<\/div>\n\t\t\t\t<\/div>\n\t\t\t\t<div class=\"elementor-element elementor-element-66855c0 elementor-widget elementor-widget-text-editor\" data-id=\"66855c0\" data-element_type=\"widget\" data-widget_type=\"text-editor.default\">\n\t\t\t\t<div class=\"elementor-widget-container\">\n\t\t\t\t\t\t\t\t<div class=\"elementor-text-editor elementor-clearfix\">\n\t\t\t\t\t<p>Arthritis ist eine Entz\u00fcndung des Gelenks, das durch Bakterien oder Pilze ausgel\u00f6st wird. Die Entz\u00fcndung zeigt sich dadurch das das Gelenk schmerzt, sich hei\u00df anf\u00fchlt und ger\u00f6tet und geschwollen ist.\u00a0<\/p>\t\t\t\t\t<\/div>\n\t\t\t\t\t\t<\/div>\n\t\t\t\t<\/div>\n\t\t\t\t\t\t<\/div>\n\t\t\t\t\t<\/div>\n\t\t<\/div>\n\t\t\t\t\t\t\t\t<\/div>\n\t\t\t\t\t<\/div>\n\t\t<\/section>\n\t\t\t\t<section class=\"elementor-section elementor-top-section elementor-element elementor-element-fa2c661 elementor-section-boxed elementor-section-height-default elementor-section-height-default\" data-id=\"fa2c661\" data-element_type=\"section\">\n\t\t\t\t\t\t<div class=\"elementor-container elementor-column-gap-default\">\n\t\t\t\t\t\t\t<div class=\"elementor-row\">\n\t\t\t\t\t<div class=\"elementor-column elementor-col-100 elementor-top-column elementor-element elementor-element-eb0e427\" data-id=\"eb0e427\" data-element_type=\"column\">\n\t\t\t<div class=\"elementor-column-wrap elementor-element-populated\">\n\t\t\t\t\t\t\t<div class=\"elementor-widget-wrap\">\n\t\t\t\t\t\t<div class=\"elementor-element elementor-element-1dc9acd elementor-widget elementor-widget-heading\" data-id=\"1dc9acd\" data-element_type=\"widget\" data-widget_type=\"heading.default\">\n\t\t\t\t<div class=\"elementor-widget-container\">\n\t\t\t<h2 class=\"elementor-heading-title elementor-size-default\">Arthrose-Behandlung bis jetzt...<\/h2>\t\t<\/div>\n\t\t\t\t<\/div>\n\t\t\t\t<div class=\"elementor-element elementor-element-137d3c3 elementor-widget elementor-widget-text-editor\" data-id=\"137d3c3\" data-element_type=\"widget\" data-widget_type=\"text-editor.default\">\n\t\t\t\t<div class=\"elementor-widget-container\">\n\t\t\t\t\t\t\t\t<div class=\"elementor-text-editor elementor-clearfix\">\n\t\t\t\t\t<p><span style=\"color: #000000;\">Bis jetzt war die einzige Schmerzlinderung von Arthrose eine Behandlung mit entz\u00fcndungshemmenden Medikamenten (z.B. Ibuprofen, Orudis) oder die Injektion von Steroiden (z.B. Kortison). Diese verschleiern allerdings nur die Symptome und lindern die Schmerzen &#8211; der Zustand der Knorpeln verschlechtert sich aber weiterhin.<\/span><\/p>\t\t\t\t\t<\/div>\n\t\t\t\t\t\t<\/div>\n\t\t\t\t<\/div>\n\t\t\t\t<div class=\"elementor-element elementor-element-b92feec elementor-widget elementor-widget-heading\" data-id=\"b92feec\" data-element_type=\"widget\" data-widget_type=\"heading.default\">\n\t\t\t\t<div class=\"elementor-widget-container\">\n\t\t\t<h2 class=\"elementor-heading-title elementor-size-default\">Die Arthrose-Spirale dreht sich weiter...<\/h2>\t\t<\/div>\n\t\t\t\t<\/div>\n\t\t\t\t<div class=\"elementor-element elementor-element-7dae3cf elementor-widget elementor-widget-text-editor\" data-id=\"7dae3cf\" data-element_type=\"widget\" data-widget_type=\"text-editor.default\">\n\t\t\t\t<div class=\"elementor-widget-container\">\n\t\t\t\t\t\t\t\t<div class=\"elementor-text-editor elementor-clearfix\">\n\t\t\t\t\t<p>Die Spirale Arthrose dreht sich daher weiter, da die Dosierung der Medikamente mit zunehmenden Schmerzen stets gesteigert werden mu\u00dfte. Dadurch entsteht allerdings ein weiteres Problem, da die Medikamente sch\u00e4dliche Nebenwirkungen haben und dazu f\u00fchren k\u00f6nnen, dass die Arthrose schneller fortschreitet.<\/p>\t\t\t\t\t<\/div>\n\t\t\t\t\t\t<\/div>\n\t\t\t\t<\/div>\n\t\t\t\t<div class=\"elementor-element elementor-element-c16ad0a elementor-widget elementor-widget-heading\" data-id=\"c16ad0a\" data-element_type=\"widget\" data-widget_type=\"heading.default\">\n\t\t\t\t<div class=\"elementor-widget-container\">\n\t\t\t<h2 class=\"elementor-heading-title elementor-size-default\">Einzige L\u00f6sung von Arthrose???<\/h2>\t\t<\/div>\n\t\t\t\t<\/div>\n\t\t\t\t<div class=\"elementor-element elementor-element-22772f8 elementor-widget elementor-widget-text-editor\" data-id=\"22772f8\" data-element_type=\"widget\" data-widget_type=\"text-editor.default\">\n\t\t\t\t<div class=\"elementor-widget-container\">\n\t\t\t\t\t\t\t\t<div class=\"elementor-text-editor elementor-clearfix\">\n\t\t\t\t\t<p>Im Laufe der Jahre ist also die einzige L\u00f6sung ein k\u00fcnstliches Gelenk, das im Zuge einer Operation eingesetzt wird, um Arthrose zu beenden. Doch sogar mit k\u00fcnstlichen Gelenken ist das Problem nicht gel\u00f6st, da auch diese eine begrenzte Lebensdauer haben und nach einiger Zeit wieder ausgetauscht werden m\u00fcssen<\/p>\t\t\t\t\t<\/div>\n\t\t\t\t\t\t<\/div>\n\t\t\t\t<\/div>\n\t\t\t\t<div class=\"elementor-element elementor-element-baa0cd9 elementor-widget elementor-widget-text-editor\" data-id=\"baa0cd9\" data-element_type=\"widget\" data-widget_type=\"text-editor.default\">\n\t\t\t\t<div class=\"elementor-widget-container\">\n\t\t\t\t\t\t\t\t<div class=\"elementor-text-editor elementor-clearfix\">\n\t\t\t\t\t\t\t\t\t\t<\/div>\n\t\t\t\t\t\t<\/div>\n\t\t\t\t<\/div>\n\t\t\t\t\t\t<\/div>\n\t\t\t\t\t<\/div>\n\t\t<\/div>\n\t\t\t\t\t\t\t\t<\/div>\n\t\t\t\t\t<\/div>\n\t\t<\/section>\n\t\t\t\t<section class=\"elementor-section elementor-top-section elementor-element elementor-element-23ae520 elementor-section-boxed elementor-section-height-default elementor-section-height-default\" data-id=\"23ae520\" data-element_type=\"section\">\n\t\t\t\t\t\t<div class=\"elementor-container elementor-column-gap-default\">\n\t\t\t\t\t\t\t<div class=\"elementor-row\">\n\t\t\t\t\t<div class=\"elementor-column elementor-col-100 elementor-top-column elementor-element elementor-element-30f63aa\" data-id=\"30f63aa\" data-element_type=\"column\">\n\t\t\t<div class=\"elementor-column-wrap elementor-element-populated\">\n\t\t\t\t\t\t\t<div class=\"elementor-widget-wrap\">\n\t\t\t\t\t\t<div class=\"elementor-element elementor-element-4648396 elementor-widget elementor-widget-image\" data-id=\"4648396\" data-element_type=\"widget\" data-widget_type=\"image.default\">\n\t\t\t\t<div class=\"elementor-widget-container\">\n\t\t\t\t\t\t\t\t<div class=\"elementor-image\">\n\t\t\t\t\t\t\t\t\t\t\t\t<img width=\"300\" height=\"200\" src=\"https:\/\/gesundezellen.net\/wp-content\/uploads\/operation_1513338376-300x200.jpg\" class=\"attachment-medium size-medium\" alt=\"\" loading=\"lazy\" srcset=\"https:\/\/gesundezellen.net\/wp-content\/uploads\/operation_1513338376-300x200.jpg 300w, https:\/\/gesundezellen.net\/wp-content\/uploads\/operation_1513338376-416x277.jpg 416w, https:\/\/gesundezellen.net\/wp-content\/uploads\/operation_1513338376-768x512.jpg 768w, https:\/\/gesundezellen.net\/wp-content\/uploads\/operation_1513338376-1024x682.jpg 1024w, https:\/\/gesundezellen.net\/wp-content\/uploads\/operation_1513338376.jpg 1280w\" sizes=\"(max-width: 300px) 100vw, 300px\" \/>\t\t\t\t\t\t\t\t\t\t\t\t\t\t<\/div>\n\t\t\t\t\t\t<\/div>\n\t\t\t\t<\/div>\n\t\t\t\t\t\t<\/div>\n\t\t\t\t\t<\/div>\n\t\t<\/div>\n\t\t\t\t\t\t\t\t<\/div>\n\t\t\t\t\t<\/div>\n\t\t<\/section>\n\t\t\t\t<section class=\"elementor-section elementor-top-section elementor-element elementor-element-713a41e elementor-section-boxed elementor-section-height-default elementor-section-height-default\" data-id=\"713a41e\" data-element_type=\"section\">\n\t\t\t\t\t\t<div class=\"elementor-container elementor-column-gap-default\">\n\t\t\t\t\t\t\t<div class=\"elementor-row\">\n\t\t\t\t\t<div class=\"elementor-column elementor-col-100 elementor-top-column elementor-element elementor-element-1a96c5c\" data-id=\"1a96c5c\" data-element_type=\"column\">\n\t\t\t<div class=\"elementor-column-wrap elementor-element-populated\">\n\t\t\t\t\t\t\t<div class=\"elementor-widget-wrap\">\n\t\t\t\t\t\t<div class=\"elementor-element elementor-element-c0b5b3b elementor-widget elementor-widget-heading\" data-id=\"c0b5b3b\" data-element_type=\"widget\" data-widget_type=\"heading.default\">\n\t\t\t\t<div class=\"elementor-widget-container\">\n\t\t\t<h2 class=\"elementor-heading-title elementor-size-default\">Arthrose - Hauptgrund f\u00fcr Behinderungen bei Senioren?<\/h2>\t\t<\/div>\n\t\t\t\t<\/div>\n\t\t\t\t<div class=\"elementor-element elementor-element-57d88ca elementor-widget elementor-widget-text-editor\" data-id=\"57d88ca\" data-element_type=\"widget\" data-widget_type=\"text-editor.default\">\n\t\t\t\t<div class=\"elementor-widget-container\">\n\t\t\t\t\t\t\t\t<div class=\"elementor-text-editor elementor-clearfix\">\n\t\t\t\t\t<div class=\"elementor-element elementor-element-46716e0 elementor-widget elementor-widget-text-editor\" data-id=\"46716e0\" data-element_type=\"text-editor.default\"><div class=\"elementor-widget-container\"><div class=\"elementor-text-editor elementor-clearfix\"><p style=\"text-align: center;\"><span style=\"color: #000000;\">Arthrose ist der Hauptgrund f\u00fcr Behinderungen bei Senioren. Arthrose ist eine mit dem Alter in Verbindung stehende Erkrankung der Gelenksknorpel, welche zu einer strukturellen Ver\u00e4nderung der Gelenke f\u00fchrt.<br \/><\/span><span style=\"text-decoration: underline;\"><span style=\"color: #0000ff; text-decoration: underline;\"><a href=\"http:\/\/www.arthrose-im-knie.info\/arthrose-eine-alterskrankheit-wer-ist-von-arthrose-betroffen\/\" target=\"_blank\" rel=\"noopener\">Ist es eine Alterskrankheit?<\/a><br \/><\/span><\/span><\/p><\/div><\/div><\/div>\t\t\t\t\t<\/div>\n\t\t\t\t\t\t<\/div>\n\t\t\t\t<\/div>\n\t\t\t\t<div class=\"elementor-element elementor-element-3e2b6c6 elementor-widget elementor-widget-heading\" data-id=\"3e2b6c6\" data-element_type=\"widget\" data-widget_type=\"heading.default\">\n\t\t\t\t<div class=\"elementor-widget-container\">\n\t\t\t<h2 class=\"elementor-heading-title elementor-size-default\">Pharma-Produkte haben erstmal geholfen<\/h2>\t\t<\/div>\n\t\t\t\t<\/div>\n\t\t\t\t<div class=\"elementor-element elementor-element-cf416e4 elementor-widget elementor-widget-text-editor\" data-id=\"cf416e4\" data-element_type=\"widget\" data-widget_type=\"text-editor.default\">\n\t\t\t\t<div class=\"elementor-widget-container\">\n\t\t\t\t\t\t\t\t<div class=\"elementor-text-editor elementor-clearfix\">\n\t\t\t\t\t<p style=\"text-align: center;\">Ich hatte erstmal auch auf die Pharma-Produkte zugegriffen, die haben auch geholfen. Das Problem nur die Nebenwirkungen, die irgendwann andere Krankheiten ausl\u00f6sen w\u00fcrden. Daher habe ich da es zwar besser wurde, aber nicht geheilt werden konnte diese Produkte bald weggelassen.\u00a0<br \/><a href=\"http:\/\/www.gesundheitsinstitut-deutschland.de\/arthrose\/\" target=\"_blank\" rel=\"noopener\">Gesundheitsinstitut Deutschland<\/a><\/p>\t\t\t\t\t<\/div>\n\t\t\t\t\t\t<\/div>\n\t\t\t\t<\/div>\n\t\t\t\t<div class=\"elementor-element elementor-element-21b643d elementor-widget elementor-widget-heading\" data-id=\"21b643d\" data-element_type=\"widget\" data-widget_type=\"heading.default\">\n\t\t\t\t<div class=\"elementor-widget-container\">\n\t\t\t<h2 class=\"elementor-heading-title elementor-size-default\">Was k\u00f6nnen Sie selbst gegen Arthrose tun?<\/h2>\t\t<\/div>\n\t\t\t\t<\/div>\n\t\t\t\t<div class=\"elementor-element elementor-element-f7301c9 elementor-widget elementor-widget-text-editor\" data-id=\"f7301c9\" data-element_type=\"widget\" data-widget_type=\"text-editor.default\">\n\t\t\t\t<div class=\"elementor-widget-container\">\n\t\t\t\t\t\t\t\t<div class=\"elementor-text-editor elementor-clearfix\">\n\t\t\t\t\t<p>Wenn Sie Probleme haben und diese mit Naturprodukten beenden wollen schicken Sie mir eine mail an: rolandruettinger@gmail.com<\/p>\t\t\t\t\t<\/div>\n\t\t\t\t\t\t<\/div>\n\t\t\t\t<\/div>\n\t\t\t\t<div class=\"elementor-element elementor-element-795fbb0 elementor-widget elementor-widget-text-editor\" data-id=\"795fbb0\" data-element_type=\"widget\" data-widget_type=\"text-editor.default\">\n\t\t\t\t<div class=\"elementor-widget-container\">\n\t\t\t\t\t\t\t\t<div class=\"elementor-text-editor elementor-clearfix\">\n\t\t\t\t\t<p>Und das ganze auch noch ohne Nebenwirkungen &#8211; bei mir wirkt nach 7 Tagen, da habe ich dann keine Schmerzen mehr und h\u00e4lt ca. f\u00fcr 1 1\/2 Jahre an. Da diese Naturprodukte aber gut f\u00fcr die Gelenke sind, kann man diese Behandlung ruhig auch \u00f6fters machen.<\/p>\t\t\t\t\t<\/div>\n\t\t\t\t\t\t<\/div>\n\t\t\t\t<\/div>\n\t\t\t\t\t\t<\/div>\n\t\t\t\t\t<\/div>\n\t\t<\/div>\n\t\t\t\t\t\t\t\t<\/div>\n\t\t\t\t\t<\/div>\n\t\t<\/section>\n\t\t\t\t<section class=\"elementor-section elementor-top-section elementor-element elementor-element-0bda5d2 elementor-section-boxed elementor-section-height-default elementor-section-height-default\" data-id=\"0bda5d2\" data-element_type=\"section\">\n\t\t\t\t\t\t<div class=\"elementor-container elementor-column-gap-default\">\n\t\t\t\t\t\t\t<div class=\"elementor-row\">\n\t\t\t\t\t<div class=\"elementor-column elementor-col-100 elementor-top-column elementor-element elementor-element-62f26fc\" data-id=\"62f26fc\" data-element_type=\"column\">\n\t\t\t<div class=\"elementor-column-wrap elementor-element-populated\">\n\t\t\t\t\t\t\t<div class=\"elementor-widget-wrap\">\n\t\t\t\t\t\t<div class=\"elementor-element elementor-element-0062f72 elementor-widget elementor-widget-text-editor\" data-id=\"0062f72\" data-element_type=\"widget\" data-widget_type=\"text-editor.default\">\n\t\t\t\t<div class=\"elementor-widget-container\">\n\t\t\t\t\t\t\t\t<div class=\"elementor-text-editor elementor-clearfix\">\n\t\t\t\t\t<p><a href=\"http:\/\/gesundezellen.net\/gz-start\/glueck-serotonin\/\" rel=\"noopener\"><strong><span style=\"text-decoration: underline;\">Gl\u00fcck = Serotonin<\/span><\/strong><\/a><\/p>\t\t\t\t\t<\/div>\n\t\t\t\t\t\t<\/div>\n\t\t\t\t<\/div>\n\t\t\t\t\t\t<\/div>\n\t\t\t\t\t<\/div>\n\t\t<\/div>\n\t\t\t\t\t\t\t\t<\/div>\n\t\t\t\t\t<\/div>\n\t\t<\/section>\n\t\t\t\t\t\t<\/div>\n\t\t\t\t\t\t<\/div>\n\t\t\t\t\t<\/div>\n\t\t","protected":false},"excerpt":{"rendered":"<p>GZ Start gesunde Zellen Grundlagen Entz\u00fcndungen verhindern Arthrose &#038; Arthritis schnell beenden Gl\u00fcck = Serotonin gesundes Herz Arthrose &#038; Arthritis in 7 Tagen beenden Arthrose war was mich getroffen hat und ich habe es in 7 Tagen beendet. Vor 11 Jahren bereits hatte ich Arthrose und solch starke Knieschmerzen dass ich im Urlaub nicht mit [&hellip;]<\/p>\n","protected":false},"author":43,"featured_media":0,"parent":0,"menu_order":0,"comment_status":"closed","ping_status":"closed","template":"elementor_canvas","meta":[],"yst_prominent_words":[292,55,60,573,288,290,289,162,168,296,297,294,287,286,295,112,291,186,59,293],"_links":{"self":[{"href":"https:\/\/gesundezellen.net\/gz-start\/wp-json\/wp\/v2\/pages\/2314"}],"collection":[{"href":"https:\/\/gesundezellen.net\/gz-start\/wp-json\/wp\/v2\/pages"}],"about":[{"href":"https:\/\/gesundezellen.net\/gz-start\/wp-json\/wp\/v2\/types\/page"}],"author":[{"embeddable":true,"href":"https:\/\/gesundezellen.net\/gz-start\/wp-json\/wp\/v2\/users\/43"}],"replies":[{"embeddable":true,"href":"https:\/\/gesundezellen.net\/gz-start\/wp-json\/wp\/v2\/comments?post=2314"}],"version-history":[{"count":10,"href":"https:\/\/gesundezellen.net\/gz-start\/wp-json\/wp\/v2\/pages\/2314\/revisions"}],"predecessor-version":[{"id":6831,"href":"https:\/\/gesundezellen.net\/gz-start\/wp-json\/wp\/v2\/pages\/2314\/revisions\/6831"}],"wp:attachment":[{"href":"https:\/\/gesundezellen.net\/gz-start\/wp-json\/wp\/v2\/media?parent=2314"}],"wp:term":[{"taxonomy":"yst_prominent_words","embeddable":true,"href":"https:\/\/gesundezellen.net\/gz-start\/wp-json\/wp\/v2\/yst_prominent_words?post=2314"}],"curies":[{"name":"wp","href":"https:\/\/api.w.org\/{rel}","templated":true}]}}