{"id":2316,"date":"2017-12-04T16:15:25","date_gmt":"2017-12-04T15:15:25","guid":{"rendered":"http:\/\/gesundezellen.net\/?page_id=2316"},"modified":"2020-11-17T20:34:32","modified_gmt":"2020-11-17T19:34:32","slug":"grundlagen","status":"publish","type":"page","link":"https:\/\/gesundezellen.net\/gz-start\/grundlagen\/","title":{"rendered":"Grundlagen"},"content":{"rendered":"\t\t<div data-elementor-type=\"wp-post\" data-elementor-id=\"2316\" class=\"elementor elementor-2316\" data-elementor-settings=\"[]\">\n\t\t\t\t\t\t<div class=\"elementor-inner\">\n\t\t\t\t\t\t\t<div class=\"elementor-section-wrap\">\n\t\t\t\t\t\t\t<section class=\"elementor-section elementor-top-section elementor-element elementor-element-f6ac80b elementor-section-boxed elementor-section-height-default elementor-section-height-default\" data-id=\"f6ac80b\" data-element_type=\"section\">\n\t\t\t\t\t\t<div class=\"elementor-container elementor-column-gap-default\">\n\t\t\t\t\t\t\t<div class=\"elementor-row\">\n\t\t\t\t\t<div class=\"elementor-column elementor-col-100 elementor-top-column elementor-element elementor-element-a2bf605\" data-id=\"a2bf605\" data-element_type=\"column\">\n\t\t\t<div class=\"elementor-column-wrap elementor-element-populated\">\n\t\t\t\t\t\t\t<div class=\"elementor-widget-wrap\">\n\t\t\t\t\t\t<div class=\"elementor-element elementor-element-07e6f2a elementor-align-center elementor-widget elementor-widget-default-navmenu\" data-id=\"07e6f2a\" data-element_type=\"widget\" data-widget_type=\"default-navmenu.default\">\n\t\t\t\t<div class=\"elementor-widget-container\">\n\t\t\t<div id=\"elementor-header-primary\" class=\"elementor-header\">\t\t\t<button id=\"elementor-menu-toggle\" class=\"elementor-menu-toggle\"><i class=\"fa fa-navicon\"><\/i><\/button>\n\t\t\t<div id=\"elementor-menu\" class=\"elementor-menu\">\n\t\t\t\n\t\t\t\t<nav itemtype=\"http:\/\/schema.org\/SiteNavigationElement\" itemscope=\"itemscope\" id=\"elementor-navigation\" class=\"elementor-navigation\" role=\"navigation\" aria-label=\"Elementor Menu\">\t\t\t\t\n\t\t\t\t<ul id=\"elementor-navmenu\" class=\"elementor-nav-menu\"><li id=\"menu-item-6531\" class=\"menu-item menu-item-type-post_type menu-item-object-page menu-item-home menu-item-6531\"><a href=\"https:\/\/gesundezellen.net\/gz-start\/\">GZ Start<\/a><\/li>\n<li id=\"menu-item-6543\" class=\"menu-item menu-item-type-post_type menu-item-object-page menu-item-has-children menu-item-6543\"><a href=\"https:\/\/gesundezellen.net\/gz-start\/gesunde-zellen\/\">gesunde Zellen<\/a>\n<ul class=\"sub-menu\">\n\t<li id=\"menu-item-6544\" class=\"menu-item menu-item-type-post_type menu-item-object-page menu-item-6544\"><a href=\"https:\/\/gesundezellen.net\/gz-start\/grundlagen\/\">Grundlagen<\/a><\/li>\n\t<li id=\"menu-item-6632\" class=\"menu-item menu-item-type-post_type menu-item-object-page menu-item-6632\"><a href=\"https:\/\/gesundezellen.net\/gz-start\/entzuendungen-verhindern\/\">Entz\u00fcndungen verhindern<\/a><\/li>\n\t<li id=\"menu-item-6575\" class=\"menu-item menu-item-type-post_type menu-item-object-page menu-item-6575\"><a href=\"https:\/\/gesundezellen.net\/gz-start\/arthrose-vorbeugen\/\">Arthrose &#038; Arthritis schnell beenden<\/a><\/li>\n\t<li id=\"menu-item-6536\" class=\"menu-item menu-item-type-post_type menu-item-object-page menu-item-6536\"><a href=\"https:\/\/gesundezellen.net\/gz-start\/glueck-serotonin\/\">Gl\u00fcck = Serotonin<\/a><\/li>\n\t<li id=\"menu-item-6557\" class=\"menu-item menu-item-type-post_type menu-item-object-page menu-item-6557\"><a href=\"https:\/\/gesundezellen.net\/gz-start\/gesundes-herz-2\/\">gesundes Herz<\/a><\/li>\n<\/ul>\n<\/li>\n<\/ul>\t\t\n\t\t\t\t\t\t\t\t<\/nav>\n\t\t\t<\/div>\n\t\t<\/div>\n\t\t\t\t<\/div>\n\t\t\t\t<\/div>\n\t\t\t\t\t\t<\/div>\n\t\t\t\t\t<\/div>\n\t\t<\/div>\n\t\t\t\t\t\t\t\t<\/div>\n\t\t\t\t\t<\/div>\n\t\t<\/section>\n\t\t\t\t<section class=\"elementor-section elementor-top-section elementor-element elementor-element-1aa6072 elementor-section-boxed elementor-section-height-default elementor-section-height-default\" data-id=\"1aa6072\" data-element_type=\"section\">\n\t\t\t\t\t\t<div class=\"elementor-container elementor-column-gap-default\">\n\t\t\t\t\t\t\t<div class=\"elementor-row\">\n\t\t\t\t\t<div class=\"elementor-column elementor-col-100 elementor-top-column elementor-element elementor-element-389fa5d\" data-id=\"389fa5d\" data-element_type=\"column\">\n\t\t\t<div class=\"elementor-column-wrap elementor-element-populated\">\n\t\t\t\t\t\t\t<div class=\"elementor-widget-wrap\">\n\t\t\t\t\t\t<div class=\"elementor-element elementor-element-3620e1d elementor-widget elementor-widget-heading\" data-id=\"3620e1d\" data-element_type=\"widget\" data-widget_type=\"heading.default\">\n\t\t\t\t<div class=\"elementor-widget-container\">\n\t\t\t<h2 class=\"elementor-heading-title elementor-size-default\">Die Grundlagen<\/h2>\t\t<\/div>\n\t\t\t\t<\/div>\n\t\t\t\t<div class=\"elementor-element elementor-element-7fd0d67 elementor-widget elementor-widget-text-editor\" data-id=\"7fd0d67\" data-element_type=\"widget\" data-widget_type=\"text-editor.default\">\n\t\t\t\t<div class=\"elementor-widget-container\">\n\t\t\t\t\t\t\t\t<div class=\"elementor-text-editor elementor-clearfix\">\n\t\t\t\t\t<p><b>Sollten Sie zur Zeit\u00a0<\/b>in \u00e4rztlicher Behandlung sein so bleiben Sie dabei. Ihr Arzt behandelt Sie gegen eine Krankheit.\u00a0Gesundezellen.net unterst\u00fctzt ihn dabei und verhindert den Ausbruch weiterer Krankheiten.<\/p>\t\t\t\t\t<\/div>\n\t\t\t\t\t\t<\/div>\n\t\t\t\t<\/div>\n\t\t\t\t\t\t<\/div>\n\t\t\t\t\t<\/div>\n\t\t<\/div>\n\t\t\t\t\t\t\t\t<\/div>\n\t\t\t\t\t<\/div>\n\t\t<\/section>\n\t\t\t\t<section class=\"elementor-section elementor-top-section elementor-element elementor-element-5329163 elementor-section-boxed elementor-section-height-default elementor-section-height-default\" data-id=\"5329163\" data-element_type=\"section\">\n\t\t\t\t\t\t<div class=\"elementor-container elementor-column-gap-default\">\n\t\t\t\t\t\t\t<div class=\"elementor-row\">\n\t\t\t\t\t<div class=\"elementor-column elementor-col-100 elementor-top-column elementor-element elementor-element-30a9962\" data-id=\"30a9962\" data-element_type=\"column\">\n\t\t\t<div class=\"elementor-column-wrap elementor-element-populated\">\n\t\t\t\t\t\t\t<div class=\"elementor-widget-wrap\">\n\t\t\t\t\t\t<div class=\"elementor-element elementor-element-6d8d3cc elementor-widget elementor-widget-image\" data-id=\"6d8d3cc\" data-element_type=\"widget\" data-widget_type=\"image.default\">\n\t\t\t\t<div class=\"elementor-widget-container\">\n\t\t\t\t\t\t\t\t<div class=\"elementor-image\">\n\t\t\t\t\t\t\t\t\t\t\t\t<img width=\"300\" height=\"191\" src=\"https:\/\/gesundezellen.net\/wp-content\/uploads\/arzt_1513332474-300x191.jpg\" class=\"attachment-medium size-medium\" alt=\"\" loading=\"lazy\" srcset=\"https:\/\/gesundezellen.net\/wp-content\/uploads\/arzt_1513332474-300x191.jpg 300w, https:\/\/gesundezellen.net\/wp-content\/uploads\/arzt_1513332474-416x265.jpg 416w, https:\/\/gesundezellen.net\/wp-content\/uploads\/arzt_1513332474-768x490.jpg 768w, https:\/\/gesundezellen.net\/wp-content\/uploads\/arzt_1513332474-1024x653.jpg 1024w, https:\/\/gesundezellen.net\/wp-content\/uploads\/arzt_1513332474.jpg 1280w\" sizes=\"(max-width: 300px) 100vw, 300px\" \/>\t\t\t\t\t\t\t\t\t\t\t\t\t\t<\/div>\n\t\t\t\t\t\t<\/div>\n\t\t\t\t<\/div>\n\t\t\t\t\t\t<\/div>\n\t\t\t\t\t<\/div>\n\t\t<\/div>\n\t\t\t\t\t\t\t\t<\/div>\n\t\t\t\t\t<\/div>\n\t\t<\/section>\n\t\t\t\t<section class=\"elementor-section elementor-top-section elementor-element elementor-element-11b88c1 elementor-section-boxed elementor-section-height-default elementor-section-height-default\" data-id=\"11b88c1\" data-element_type=\"section\">\n\t\t\t\t\t\t<div class=\"elementor-container elementor-column-gap-default\">\n\t\t\t\t\t\t\t<div class=\"elementor-row\">\n\t\t\t\t\t<div class=\"elementor-column elementor-col-100 elementor-top-column elementor-element elementor-element-79feb68\" data-id=\"79feb68\" data-element_type=\"column\">\n\t\t\t<div class=\"elementor-column-wrap elementor-element-populated\">\n\t\t\t\t\t\t\t<div class=\"elementor-widget-wrap\">\n\t\t\t\t\t\t<div class=\"elementor-element elementor-element-f8d75d4 elementor-widget elementor-widget-heading\" data-id=\"f8d75d4\" data-element_type=\"widget\" data-widget_type=\"heading.default\">\n\t\t\t\t<div class=\"elementor-widget-container\">\n\t\t\t<h2 class=\"elementor-heading-title elementor-size-default\">Chronische Krankheit<\/h2>\t\t<\/div>\n\t\t\t\t<\/div>\n\t\t\t\t<div class=\"elementor-element elementor-element-9f65359 elementor-widget elementor-widget-text-editor\" data-id=\"9f65359\" data-element_type=\"widget\" data-widget_type=\"text-editor.default\">\n\t\t\t\t<div class=\"elementor-widget-container\">\n\t\t\t\t\t\t\t\t<div class=\"elementor-text-editor elementor-clearfix\">\n\t\t\t\t\t<p><strong>Wissenschaftlich ist festgestellt, wenn es gelingt \u00a0auch nur eine einzelne chronische Krankheit hinauszuz\u00f6gern, oder zu entfernen, dann bleiben auch viele andere weg.<\/strong><\/p><p>Das Ziel mit GesundeZellen.net ist:\u00a0<br \/>selbstst\u00e4ndig = &#8222;jung&#8220; und gesund zu bleiben.<\/p>\t\t\t\t\t<\/div>\n\t\t\t\t\t\t<\/div>\n\t\t\t\t<\/div>\n\t\t\t\t\t\t<\/div>\n\t\t\t\t\t<\/div>\n\t\t<\/div>\n\t\t\t\t\t\t\t\t<\/div>\n\t\t\t\t\t<\/div>\n\t\t<\/section>\n\t\t\t\t<section class=\"elementor-section elementor-top-section elementor-element elementor-element-0f861cb elementor-section-boxed elementor-section-height-default elementor-section-height-default\" data-id=\"0f861cb\" data-element_type=\"section\">\n\t\t\t\t\t\t<div class=\"elementor-container elementor-column-gap-default\">\n\t\t\t\t\t\t\t<div class=\"elementor-row\">\n\t\t\t\t\t<div class=\"elementor-column elementor-col-100 elementor-top-column elementor-element elementor-element-52bcddd\" data-id=\"52bcddd\" data-element_type=\"column\">\n\t\t\t<div class=\"elementor-column-wrap elementor-element-populated\">\n\t\t\t\t\t\t\t<div class=\"elementor-widget-wrap\">\n\t\t\t\t\t\t<div class=\"elementor-element elementor-element-98e2861 elementor-widget elementor-widget-image\" data-id=\"98e2861\" data-element_type=\"widget\" data-widget_type=\"image.default\">\n\t\t\t\t<div class=\"elementor-widget-container\">\n\t\t\t\t\t\t\t\t<div class=\"elementor-image\">\n\t\t\t\t\t\t\t\t\t\t\t\t<img width=\"300\" height=\"200\" src=\"https:\/\/gesundezellen.net\/wp-content\/uploads\/gesund_und_1513336514-300x200.jpg\" class=\"attachment-medium size-medium\" alt=\"\" loading=\"lazy\" srcset=\"https:\/\/gesundezellen.net\/wp-content\/uploads\/gesund_und_1513336514-300x200.jpg 300w, https:\/\/gesundezellen.net\/wp-content\/uploads\/gesund_und_1513336514-416x277.jpg 416w, https:\/\/gesundezellen.net\/wp-content\/uploads\/gesund_und_1513336514-768x512.jpg 768w, https:\/\/gesundezellen.net\/wp-content\/uploads\/gesund_und_1513336514-1024x682.jpg 1024w, https:\/\/gesundezellen.net\/wp-content\/uploads\/gesund_und_1513336514.jpg 1280w\" sizes=\"(max-width: 300px) 100vw, 300px\" \/>\t\t\t\t\t\t\t\t\t\t\t\t\t\t<\/div>\n\t\t\t\t\t\t<\/div>\n\t\t\t\t<\/div>\n\t\t\t\t\t\t<\/div>\n\t\t\t\t\t<\/div>\n\t\t<\/div>\n\t\t\t\t\t\t\t\t<\/div>\n\t\t\t\t\t<\/div>\n\t\t<\/section>\n\t\t\t\t<section class=\"elementor-section elementor-top-section elementor-element elementor-element-26444e3 elementor-section-boxed elementor-section-height-default elementor-section-height-default\" data-id=\"26444e3\" data-element_type=\"section\">\n\t\t\t\t\t\t<div class=\"elementor-container elementor-column-gap-default\">\n\t\t\t\t\t\t\t<div class=\"elementor-row\">\n\t\t\t\t\t<div class=\"elementor-column elementor-col-100 elementor-top-column elementor-element elementor-element-a0ad9a2\" data-id=\"a0ad9a2\" data-element_type=\"column\">\n\t\t\t<div class=\"elementor-column-wrap elementor-element-populated\">\n\t\t\t\t\t\t\t<div class=\"elementor-widget-wrap\">\n\t\t\t\t\t\t<div class=\"elementor-element elementor-element-a70e4ce elementor-widget elementor-widget-heading\" data-id=\"a70e4ce\" data-element_type=\"widget\" data-widget_type=\"heading.default\">\n\t\t\t\t<div class=\"elementor-widget-container\">\n\t\t\t<h2 class=\"elementor-heading-title elementor-size-default\">Entz\u00fcndungen<\/h2>\t\t<\/div>\n\t\t\t\t<\/div>\n\t\t\t\t<div class=\"elementor-element elementor-element-3cf68b6 elementor-widget elementor-widget-text-editor\" data-id=\"3cf68b6\" data-element_type=\"widget\" data-widget_type=\"text-editor.default\">\n\t\t\t\t<div class=\"elementor-widget-container\">\n\t\t\t\t\t\t\t\t<div class=\"elementor-text-editor elementor-clearfix\">\n\t\t\t\t\t<p>Daf\u00fcr ist wichtig die Entz\u00fcndungen im K\u00f6rper die sich laufend entwickeln zu verhindern, weil die\u00a0sehr t\u00fcckisch sind, sich unbemerkt weiterentwickeln, und das \u00fcber Jahre hinweg.\u00a0<\/p><p>Prognose des Robert-Koch-Instituts:<br \/><a href=\"https:\/\/www.noz.de\/deutschland-welt\/gut-zu-wissen\/artikel\/843500\/fast-jeder-zweite-deutsche-wird-an-krebs-erkranken-1\" target=\"_blank\" rel=\"noopener\">Fast jeder zweite Deutsche wird an Krebs erkranken.<\/a><\/p><p>Focus ONLINE: <a href=\"https:\/\/www.focus.de\/gesundheit\/ratgeber\/krebs\/news\/tid-21215\/weltkrebstag-das-vermeidbare-massensterben_aid_596544.html\" target=\"_blank\" rel=\"noopener\">Das vermeidbare Massensterben<\/a><\/p>\t\t\t\t\t<\/div>\n\t\t\t\t\t\t<\/div>\n\t\t\t\t<\/div>\n\t\t\t\t\t\t<\/div>\n\t\t\t\t\t<\/div>\n\t\t<\/div>\n\t\t\t\t\t\t\t\t<\/div>\n\t\t\t\t\t<\/div>\n\t\t<\/section>\n\t\t\t\t<section class=\"elementor-section elementor-top-section elementor-element elementor-element-cff31cd elementor-section-boxed elementor-section-height-default elementor-section-height-default\" data-id=\"cff31cd\" data-element_type=\"section\">\n\t\t\t\t\t\t<div class=\"elementor-container elementor-column-gap-default\">\n\t\t\t\t\t\t\t<div class=\"elementor-row\">\n\t\t\t\t\t<div class=\"elementor-column elementor-col-100 elementor-top-column elementor-element elementor-element-e0955d6\" data-id=\"e0955d6\" data-element_type=\"column\">\n\t\t\t<div class=\"elementor-column-wrap elementor-element-populated\">\n\t\t\t\t\t\t\t<div class=\"elementor-widget-wrap\">\n\t\t\t\t\t\t<div class=\"elementor-element elementor-element-1bab89e elementor-widget elementor-widget-image\" data-id=\"1bab89e\" data-element_type=\"widget\" data-widget_type=\"image.default\">\n\t\t\t\t<div class=\"elementor-widget-container\">\n\t\t\t\t\t\t\t\t<div class=\"elementor-image\">\n\t\t\t\t\t\t\t\t\t\t\t\t<img width=\"300\" height=\"198\" src=\"https:\/\/gesundezellen.net\/wp-content\/uploads\/fitness_1513336888-300x198.jpg\" class=\"attachment-medium size-medium\" alt=\"\" loading=\"lazy\" srcset=\"https:\/\/gesundezellen.net\/wp-content\/uploads\/fitness_1513336888-300x198.jpg 300w, https:\/\/gesundezellen.net\/wp-content\/uploads\/fitness_1513336888-416x274.jpg 416w, https:\/\/gesundezellen.net\/wp-content\/uploads\/fitness_1513336888-768x506.jpg 768w, https:\/\/gesundezellen.net\/wp-content\/uploads\/fitness_1513336888-1024x674.jpg 1024w, https:\/\/gesundezellen.net\/wp-content\/uploads\/fitness_1513336888.jpg 1280w\" sizes=\"(max-width: 300px) 100vw, 300px\" \/>\t\t\t\t\t\t\t\t\t\t\t\t\t\t<\/div>\n\t\t\t\t\t\t<\/div>\n\t\t\t\t<\/div>\n\t\t\t\t\t\t<\/div>\n\t\t\t\t\t<\/div>\n\t\t<\/div>\n\t\t\t\t\t\t\t\t<\/div>\n\t\t\t\t\t<\/div>\n\t\t<\/section>\n\t\t\t\t<section class=\"elementor-section elementor-top-section elementor-element elementor-element-d14f98c elementor-section-boxed elementor-section-height-default elementor-section-height-default\" data-id=\"d14f98c\" data-element_type=\"section\">\n\t\t\t\t\t\t<div class=\"elementor-container elementor-column-gap-default\">\n\t\t\t\t\t\t\t<div class=\"elementor-row\">\n\t\t\t\t\t<div class=\"elementor-column elementor-col-100 elementor-top-column elementor-element elementor-element-a4f3068\" data-id=\"a4f3068\" data-element_type=\"column\">\n\t\t\t<div class=\"elementor-column-wrap elementor-element-populated\">\n\t\t\t\t\t\t\t<div class=\"elementor-widget-wrap\">\n\t\t\t\t\t\t<div class=\"elementor-element elementor-element-c1d014d elementor-widget elementor-widget-heading\" data-id=\"c1d014d\" data-element_type=\"widget\" data-widget_type=\"heading.default\">\n\t\t\t\t<div class=\"elementor-widget-container\">\n\t\t\t<h2 class=\"elementor-heading-title elementor-size-default\">Alters Krankheiten<\/h2>\t\t<\/div>\n\t\t\t\t<\/div>\n\t\t\t\t<div class=\"elementor-element elementor-element-3741a79 elementor-widget elementor-widget-text-editor\" data-id=\"3741a79\" data-element_type=\"widget\" data-widget_type=\"text-editor.default\">\n\t\t\t\t<div class=\"elementor-widget-container\">\n\t\t\t\t\t\t\t\t<div class=\"elementor-text-editor elementor-clearfix\">\n\t\t\t\t\t<p>Umso \u00e4lter wir werden, steigen auch die Gesundheitsgefahren. Ab dem 50. Lebensjahr treten vermehrt typische Alterskrankheiten auf.<\/p><p>Ab dem 65. Lebensjahr leiden mehr als 70% der \u00fcber 65 j\u00e4hrigen an zwei oder mehr chronischen Krankheiten wie Arthrose, Arthritis, Diabetes, Krebs, Prostata, Herzproblemen oder Schlaganf\u00e4llen.<\/p><p>Statistisch gesehen k\u00f6nnten da auch Sie eines Tages dabei sein.\u00a0<\/p><ul style=\"list-style-type: disc;\"><li>Und genau hierum geht es mir auf dieser Seite: <br \/><strong>Es geht darum, die ALTERSKRANKEITEN zu verhindern.\u00a0<\/strong><\/li><\/ul>\t\t\t\t\t<\/div>\n\t\t\t\t\t\t<\/div>\n\t\t\t\t<\/div>\n\t\t\t\t<div class=\"elementor-element elementor-element-f5391cd elementor-widget elementor-widget-text-editor\" data-id=\"f5391cd\" data-element_type=\"widget\" data-widget_type=\"text-editor.default\">\n\t\t\t\t<div class=\"elementor-widget-container\">\n\t\t\t\t\t\t\t\t<div class=\"elementor-text-editor elementor-clearfix\">\n\t\t\t\t\t<p><a href=\"http:\/\/gesundezellen.net\/gz-start\/entzuendungen-verhindern\/\" rel=\"noopener\"><span style=\"text-decoration: underline;\">und Entz\u00fcndungen verhindern<\/span><\/a><\/p>\t\t\t\t\t<\/div>\n\t\t\t\t\t\t<\/div>\n\t\t\t\t<\/div>\n\t\t\t\t\t\t<\/div>\n\t\t\t\t\t<\/div>\n\t\t<\/div>\n\t\t\t\t\t\t\t\t<\/div>\n\t\t\t\t\t<\/div>\n\t\t<\/section>\n\t\t\t\t<section class=\"elementor-section elementor-top-section elementor-element elementor-element-fee835e elementor-section-boxed elementor-section-height-default elementor-section-height-default\" data-id=\"fee835e\" data-element_type=\"section\">\n\t\t\t\t\t\t<div class=\"elementor-container elementor-column-gap-default\">\n\t\t\t\t\t\t\t<div class=\"elementor-row\">\n\t\t\t\t\t<div class=\"elementor-column elementor-col-33 elementor-top-column elementor-element elementor-element-350c4b9\" data-id=\"350c4b9\" data-element_type=\"column\">\n\t\t\t<div class=\"elementor-column-wrap\">\n\t\t\t\t\t\t\t<div class=\"elementor-widget-wrap\">\n\t\t\t\t\t\t\t\t<\/div>\n\t\t\t\t\t<\/div>\n\t\t<\/div>\n\t\t\t\t<div class=\"elementor-column elementor-col-33 elementor-top-column elementor-element elementor-element-1c840c0\" data-id=\"1c840c0\" data-element_type=\"column\">\n\t\t\t<div class=\"elementor-column-wrap elementor-element-populated\">\n\t\t\t\t\t\t\t<div class=\"elementor-widget-wrap\">\n\t\t\t\t\t\t<div class=\"elementor-element elementor-element-0c3823c elementor-align-center elementor-widget elementor-widget-default-navmenu\" data-id=\"0c3823c\" data-element_type=\"widget\" data-widget_type=\"default-navmenu.default\">\n\t\t\t\t<div class=\"elementor-widget-container\">\n\t\t\t<div id=\"elementor-header-primary\" class=\"elementor-header\">\t\t\t<button id=\"elementor-menu-toggle\" class=\"elementor-menu-toggle\"><i class=\"fa fa-navicon\"><\/i><\/button>\n\t\t\t<div id=\"elementor-menu\" class=\"elementor-menu\">\n\t\t\t\n\t\t\t\t<nav itemtype=\"http:\/\/schema.org\/SiteNavigationElement\" itemscope=\"itemscope\" id=\"elementor-navigation\" class=\"elementor-navigation\" role=\"navigation\" aria-label=\"Elementor Menu\">\t\t\t\t\n\t\t\t\t<ul id=\"elementor-navmenu\" class=\"elementor-nav-menu\"><li id=\"menu-item-6559\" class=\"menu-item menu-item-type-post_type menu-item-object-page menu-item-6559\"><a href=\"https:\/\/gesundezellen.net\/gz-start\/dat\/\">Datenschutz<\/a><\/li>\n<li id=\"menu-item-6560\" class=\"menu-item menu-item-type-post_type menu-item-object-page menu-item-6560\"><a href=\"https:\/\/gesundezellen.net\/gz-start\/imp\/\">Impressum<\/a><\/li>\n<\/ul>\t\t\n\t\t\t\t\t\t\t\t<\/nav>\n\t\t\t<\/div>\n\t\t<\/div>\n\t\t\t\t<\/div>\n\t\t\t\t<\/div>\n\t\t\t\t\t\t<\/div>\n\t\t\t\t\t<\/div>\n\t\t<\/div>\n\t\t\t\t<div class=\"elementor-column elementor-col-33 elementor-top-column elementor-element elementor-element-14323a7\" data-id=\"14323a7\" data-element_type=\"column\">\n\t\t\t<div class=\"elementor-column-wrap\">\n\t\t\t\t\t\t\t<div class=\"elementor-widget-wrap\">\n\t\t\t\t\t\t\t\t<\/div>\n\t\t\t\t\t<\/div>\n\t\t<\/div>\n\t\t\t\t\t\t\t\t<\/div>\n\t\t\t\t\t<\/div>\n\t\t<\/section>\n\t\t\t\t\t\t<\/div>\n\t\t\t\t\t\t<\/div>\n\t\t\t\t\t<\/div>\n\t\t","protected":false},"excerpt":{"rendered":"<p>GZ Start gesunde Zellen Grundlagen Entz\u00fcndungen verhindern Arthrose &#038; Arthritis schnell beenden Gl\u00fcck = Serotonin gesundes Herz Die Grundlagen Sollten Sie zur Zeit\u00a0in \u00e4rztlicher Behandlung sein so bleiben Sie dabei. Ihr Arzt behandelt Sie gegen eine Krankheit.\u00a0Gesundezellen.net unterst\u00fctzt ihn dabei und verhindert den Ausbruch weiterer Krankheiten. Chronische Krankheit Wissenschaftlich ist festgestellt, wenn es gelingt \u00a0auch [&hellip;]<\/p>\n","protected":false},"author":43,"featured_media":0,"parent":0,"menu_order":0,"comment_status":"closed","ping_status":"closed","template":"elementor_canvas","meta":[],"yst_prominent_words":[409,411,406,88,410,407,408,117,412,73],"_links":{"self":[{"href":"https:\/\/gesundezellen.net\/gz-start\/wp-json\/wp\/v2\/pages\/2316"}],"collection":[{"href":"https:\/\/gesundezellen.net\/gz-start\/wp-json\/wp\/v2\/pages"}],"about":[{"href":"https:\/\/gesundezellen.net\/gz-start\/wp-json\/wp\/v2\/types\/page"}],"author":[{"embeddable":true,"href":"https:\/\/gesundezellen.net\/gz-start\/wp-json\/wp\/v2\/users\/43"}],"replies":[{"embeddable":true,"href":"https:\/\/gesundezellen.net\/gz-start\/wp-json\/wp\/v2\/comments?post=2316"}],"version-history":[{"count":10,"href":"https:\/\/gesundezellen.net\/gz-start\/wp-json\/wp\/v2\/pages\/2316\/revisions"}],"predecessor-version":[{"id":6825,"href":"https:\/\/gesundezellen.net\/gz-start\/wp-json\/wp\/v2\/pages\/2316\/revisions\/6825"}],"wp:attachment":[{"href":"https:\/\/gesundezellen.net\/gz-start\/wp-json\/wp\/v2\/media?parent=2316"}],"wp:term":[{"taxonomy":"yst_prominent_words","embeddable":true,"href":"https:\/\/gesundezellen.net\/gz-start\/wp-json\/wp\/v2\/yst_prominent_words?post=2316"}],"curies":[{"name":"wp","href":"https:\/\/api.w.org\/{rel}","templated":true}]}}