{"id":6548,"date":"2019-11-11T16:51:14","date_gmt":"2019-11-11T15:51:14","guid":{"rendered":"https:\/\/gesundezellen.net\/gz-start\/?page_id=6548"},"modified":"2020-11-17T20:40:16","modified_gmt":"2020-11-17T19:40:16","slug":"entzuendungen-verhindern","status":"publish","type":"page","link":"https:\/\/gesundezellen.net\/gz-start\/entzuendungen-verhindern\/","title":{"rendered":"Entz\u00fcndungen verhindern"},"content":{"rendered":"\t\t<div data-elementor-type=\"wp-post\" data-elementor-id=\"6548\" class=\"elementor elementor-6548\" data-elementor-settings=\"[]\">\n\t\t\t\t\t\t<div class=\"elementor-inner\">\n\t\t\t\t\t\t\t<div class=\"elementor-section-wrap\">\n\t\t\t\t\t\t\t<section class=\"elementor-section elementor-top-section elementor-element elementor-element-af15e7c elementor-section-boxed elementor-section-height-default elementor-section-height-default\" data-id=\"af15e7c\" data-element_type=\"section\">\n\t\t\t\t\t\t<div class=\"elementor-container elementor-column-gap-default\">\n\t\t\t\t\t\t\t<div class=\"elementor-row\">\n\t\t\t\t\t<div class=\"elementor-column elementor-col-100 elementor-top-column elementor-element elementor-element-e21848d\" data-id=\"e21848d\" data-element_type=\"column\">\n\t\t\t<div class=\"elementor-column-wrap elementor-element-populated\">\n\t\t\t\t\t\t\t<div class=\"elementor-widget-wrap\">\n\t\t\t\t\t\t<div class=\"elementor-element elementor-element-847b15c elementor-align-center elementor-widget elementor-widget-default-navmenu\" data-id=\"847b15c\" data-element_type=\"widget\" data-widget_type=\"default-navmenu.default\">\n\t\t\t\t<div class=\"elementor-widget-container\">\n\t\t\t<div id=\"elementor-header-primary\" class=\"elementor-header\">\t\t\t<button id=\"elementor-menu-toggle\" class=\"elementor-menu-toggle\"><i class=\"fa fa-navicon\"><\/i><\/button>\n\t\t\t<div id=\"elementor-menu\" class=\"elementor-menu\">\n\t\t\t\n\t\t\t\t<nav itemtype=\"http:\/\/schema.org\/SiteNavigationElement\" itemscope=\"itemscope\" id=\"elementor-navigation\" class=\"elementor-navigation\" role=\"navigation\" aria-label=\"Elementor Menu\">\t\t\t\t\n\t\t\t\t<ul id=\"elementor-navmenu\" class=\"elementor-nav-menu\"><li id=\"menu-item-6531\" class=\"menu-item menu-item-type-post_type menu-item-object-page menu-item-home menu-item-6531\"><a href=\"https:\/\/gesundezellen.net\/gz-start\/\">GZ Start<\/a><\/li>\n<li id=\"menu-item-6543\" class=\"menu-item menu-item-type-post_type menu-item-object-page menu-item-has-children menu-item-6543\"><a href=\"https:\/\/gesundezellen.net\/gz-start\/gesunde-zellen\/\">gesunde Zellen<\/a>\n<ul class=\"sub-menu\">\n\t<li id=\"menu-item-6544\" class=\"menu-item menu-item-type-post_type menu-item-object-page menu-item-6544\"><a href=\"https:\/\/gesundezellen.net\/gz-start\/grundlagen\/\">Grundlagen<\/a><\/li>\n\t<li id=\"menu-item-6632\" class=\"menu-item menu-item-type-post_type menu-item-object-page menu-item-6632\"><a href=\"https:\/\/gesundezellen.net\/gz-start\/entzuendungen-verhindern\/\">Entz\u00fcndungen verhindern<\/a><\/li>\n\t<li id=\"menu-item-6575\" class=\"menu-item menu-item-type-post_type menu-item-object-page menu-item-6575\"><a href=\"https:\/\/gesundezellen.net\/gz-start\/arthrose-vorbeugen\/\">Arthrose &#038; Arthritis schnell beenden<\/a><\/li>\n\t<li id=\"menu-item-6536\" class=\"menu-item menu-item-type-post_type menu-item-object-page menu-item-6536\"><a href=\"https:\/\/gesundezellen.net\/gz-start\/glueck-serotonin\/\">Gl\u00fcck = Serotonin<\/a><\/li>\n\t<li id=\"menu-item-6557\" class=\"menu-item menu-item-type-post_type menu-item-object-page menu-item-6557\"><a href=\"https:\/\/gesundezellen.net\/gz-start\/gesundes-herz-2\/\">gesundes Herz<\/a><\/li>\n<\/ul>\n<\/li>\n<\/ul>\t\t\n\t\t\t\t\t\t\t\t<\/nav>\n\t\t\t<\/div>\n\t\t<\/div>\n\t\t\t\t<\/div>\n\t\t\t\t<\/div>\n\t\t\t\t\t\t<\/div>\n\t\t\t\t\t<\/div>\n\t\t<\/div>\n\t\t\t\t\t\t\t\t<\/div>\n\t\t\t\t\t<\/div>\n\t\t<\/section>\n\t\t\t\t<section class=\"elementor-section elementor-top-section elementor-element elementor-element-be6adec elementor-section-boxed elementor-section-height-default elementor-section-height-default\" data-id=\"be6adec\" data-element_type=\"section\">\n\t\t\t\t\t\t<div class=\"elementor-container elementor-column-gap-default\">\n\t\t\t\t\t\t\t<div class=\"elementor-row\">\n\t\t\t\t\t<div class=\"elementor-column elementor-col-100 elementor-top-column elementor-element elementor-element-3c5f33d\" data-id=\"3c5f33d\" data-element_type=\"column\">\n\t\t\t<div class=\"elementor-column-wrap elementor-element-populated\">\n\t\t\t\t\t\t\t<div class=\"elementor-widget-wrap\">\n\t\t\t\t\t\t<div class=\"elementor-element elementor-element-9f418a3 elementor-widget elementor-widget-heading\" data-id=\"9f418a3\" data-element_type=\"widget\" data-widget_type=\"heading.default\">\n\t\t\t\t<div class=\"elementor-widget-container\">\n\t\t\t<h2 class=\"elementor-heading-title elementor-size-default\">Was Sie \u00fcber Entz\u00fcndungen wissen m\u00fcssen<\/h2>\t\t<\/div>\n\t\t\t\t<\/div>\n\t\t\t\t<div class=\"elementor-element elementor-element-96d345e elementor-widget elementor-widget-text-editor\" data-id=\"96d345e\" data-element_type=\"widget\" data-widget_type=\"text-editor.default\">\n\t\t\t\t<div class=\"elementor-widget-container\">\n\t\t\t\t\t\t\t\t<div class=\"elementor-text-editor elementor-clearfix\">\n\t\t\t\t\t<p>Entz\u00fcndungen im K\u00f6rper kommen und gehen und sind Teil eines normalen Heilungsprozesses.\u00a0<\/p><p>Aber es gibt auch langandauernde Entz\u00fcndungen, und die sind es, die zu verheerenden Folgen f\u00fchren k\u00f6nnen.<\/p><p>Sehr viele Menschen\u00a0 haben solch eine unentdeckte langandauernde Entz\u00fcndung ohne es zu bemerken. Diese sind dann auch oft f\u00fcr mehrere chronische Krankheiten verantwortlich.<\/p>\t\t\t\t\t<\/div>\n\t\t\t\t\t\t<\/div>\n\t\t\t\t<\/div>\n\t\t\t\t\t\t<\/div>\n\t\t\t\t\t<\/div>\n\t\t<\/div>\n\t\t\t\t\t\t\t\t<\/div>\n\t\t\t\t\t<\/div>\n\t\t<\/section>\n\t\t\t\t<section class=\"elementor-section elementor-top-section elementor-element elementor-element-33e3bfd elementor-section-boxed elementor-section-height-default elementor-section-height-default\" data-id=\"33e3bfd\" data-element_type=\"section\">\n\t\t\t\t\t\t<div class=\"elementor-container elementor-column-gap-default\">\n\t\t\t\t\t\t\t<div class=\"elementor-row\">\n\t\t\t\t\t<div class=\"elementor-column elementor-col-100 elementor-top-column elementor-element elementor-element-921741b\" data-id=\"921741b\" data-element_type=\"column\">\n\t\t\t<div class=\"elementor-column-wrap elementor-element-populated\">\n\t\t\t\t\t\t\t<div class=\"elementor-widget-wrap\">\n\t\t\t\t\t\t<div class=\"elementor-element elementor-element-998d9b8 elementor-widget elementor-widget-image\" data-id=\"998d9b8\" data-element_type=\"widget\" data-widget_type=\"image.default\">\n\t\t\t\t<div class=\"elementor-widget-container\">\n\t\t\t\t\t\t\t\t<div class=\"elementor-image\">\n\t\t\t\t\t\t\t\t\t\t\t\t<img width=\"300\" height=\"200\" src=\"https:\/\/gesundezellen.net\/wp-content\/uploads\/entz\u00fcndungen_1513337954-300x200.jpg\" class=\"attachment-medium size-medium\" alt=\"\" loading=\"lazy\" srcset=\"https:\/\/gesundezellen.net\/wp-content\/uploads\/entz\u00fcndungen_1513337954-300x200.jpg 300w, https:\/\/gesundezellen.net\/wp-content\/uploads\/entz\u00fcndungen_1513337954-416x277.jpg 416w, https:\/\/gesundezellen.net\/wp-content\/uploads\/entz\u00fcndungen_1513337954-768x512.jpg 768w, https:\/\/gesundezellen.net\/wp-content\/uploads\/entz\u00fcndungen_1513337954-1024x682.jpg 1024w, https:\/\/gesundezellen.net\/wp-content\/uploads\/entz\u00fcndungen_1513337954.jpg 1280w\" sizes=\"(max-width: 300px) 100vw, 300px\" \/>\t\t\t\t\t\t\t\t\t\t\t\t\t\t<\/div>\n\t\t\t\t\t\t<\/div>\n\t\t\t\t<\/div>\n\t\t\t\t\t\t<\/div>\n\t\t\t\t\t<\/div>\n\t\t<\/div>\n\t\t\t\t\t\t\t\t<\/div>\n\t\t\t\t\t<\/div>\n\t\t<\/section>\n\t\t\t\t<section class=\"elementor-section elementor-top-section elementor-element elementor-element-2223928 elementor-section-boxed elementor-section-height-default elementor-section-height-default\" data-id=\"2223928\" data-element_type=\"section\">\n\t\t\t\t\t\t<div class=\"elementor-container elementor-column-gap-default\">\n\t\t\t\t\t\t\t<div class=\"elementor-row\">\n\t\t\t\t\t<div class=\"elementor-column elementor-col-100 elementor-top-column elementor-element elementor-element-2939c99\" data-id=\"2939c99\" data-element_type=\"column\">\n\t\t\t<div class=\"elementor-column-wrap elementor-element-populated\">\n\t\t\t\t\t\t\t<div class=\"elementor-widget-wrap\">\n\t\t\t\t\t\t<div class=\"elementor-element elementor-element-16d990a elementor-widget elementor-widget-heading\" data-id=\"16d990a\" data-element_type=\"widget\" data-widget_type=\"heading.default\">\n\t\t\t\t<div class=\"elementor-widget-container\">\n\t\t\t<h2 class=\"elementor-heading-title elementor-size-default\">\u00dcber Entz\u00fcndungen<\/h2>\t\t<\/div>\n\t\t\t\t<\/div>\n\t\t\t\t<div class=\"elementor-element elementor-element-e4607a3 elementor-widget elementor-widget-text-editor\" data-id=\"e4607a3\" data-element_type=\"widget\" data-widget_type=\"text-editor.default\">\n\t\t\t\t<div class=\"elementor-widget-container\">\n\t\t\t\t\t\t\t\t<div class=\"elementor-text-editor elementor-clearfix\">\n\t\t\t\t\t<p>Entz\u00fcndungen sind ein wichtiger, notwendiger biologischer Vorgang, der uns erst das \u00dcberleben erm\u00f6glicht.\u00a0<br \/>Es ist n\u00e4mlich die Reaktion des K\u00f6rpers im Kampf gegen Infektionen und die Reparatur von besch\u00e4digtem Gewebe.<\/p><p>Sie sind also Teil eines nat\u00fcrlichen Heilungsprozesses.\u00a0<br \/>H\u00e4tten Sie also nie eine Entz\u00fcndung gehabt, w\u00e4ren Sie auch nie von einer Verletzung oder Infektion geheilt worden.\u00a0<\/p>\t\t\t\t\t<\/div>\n\t\t\t\t\t\t<\/div>\n\t\t\t\t<\/div>\n\t\t\t\t\t\t<\/div>\n\t\t\t\t\t<\/div>\n\t\t<\/div>\n\t\t\t\t\t\t\t\t<\/div>\n\t\t\t\t\t<\/div>\n\t\t<\/section>\n\t\t\t\t<section class=\"elementor-section elementor-top-section elementor-element elementor-element-65b0e8d elementor-section-boxed elementor-section-height-default elementor-section-height-default\" data-id=\"65b0e8d\" data-element_type=\"section\">\n\t\t\t\t\t\t<div class=\"elementor-container elementor-column-gap-default\">\n\t\t\t\t\t\t\t<div class=\"elementor-row\">\n\t\t\t\t\t<div class=\"elementor-column elementor-col-100 elementor-top-column elementor-element elementor-element-44c0960\" data-id=\"44c0960\" data-element_type=\"column\">\n\t\t\t<div class=\"elementor-column-wrap elementor-element-populated\">\n\t\t\t\t\t\t\t<div class=\"elementor-widget-wrap\">\n\t\t\t\t\t\t<div class=\"elementor-element elementor-element-46e15f5 elementor-widget elementor-widget-heading\" data-id=\"46e15f5\" data-element_type=\"widget\" data-widget_type=\"heading.default\">\n\t\t\t\t<div class=\"elementor-widget-container\">\n\t\t\t<h2 class=\"elementor-heading-title elementor-size-default\">Bakterium & Virus<\/h2>\t\t<\/div>\n\t\t\t\t<\/div>\n\t\t\t\t<div class=\"elementor-element elementor-element-43438c8 elementor-widget elementor-widget-text-editor\" data-id=\"43438c8\" data-element_type=\"widget\" data-widget_type=\"text-editor.default\">\n\t\t\t\t<div class=\"elementor-widget-container\">\n\t\t\t\t\t\t\t\t<div class=\"elementor-text-editor elementor-clearfix\">\n\t\t\t\t\t<p>Dringt ein Bakterium oder Virus in den K\u00f6rper ein, reagiert dieser mit einer Entz\u00fcndung, um damit den Eindringling zu vernichten.\u00a0<\/p><p>Zum Beispiel bei einem verstauchten Kn\u00f6chel wird die Reparatur des Gewebes durch eine Entz\u00fcndung aktiviert.\u00a0<\/p><p><a href=\"http:\/\/www.biomedizin-blog.de\/de\/stille-entzuendungen-im-gewebe--lauernde-gefahr-mit-schwerwiegenden-folgen-wp261-182.html\" target=\"_blank\" rel=\"noopener\">Im Biomedizin-Blog erfahren Sie mehr \u00fcber Entz\u00fcndungen.<\/a>\u00a0<\/p>\t\t\t\t\t<\/div>\n\t\t\t\t\t\t<\/div>\n\t\t\t\t<\/div>\n\t\t\t\t\t\t<\/div>\n\t\t\t\t\t<\/div>\n\t\t<\/div>\n\t\t\t\t\t\t\t\t<\/div>\n\t\t\t\t\t<\/div>\n\t\t<\/section>\n\t\t\t\t<section class=\"elementor-section elementor-top-section elementor-element elementor-element-2e679f4 elementor-section-boxed elementor-section-height-default elementor-section-height-default\" data-id=\"2e679f4\" data-element_type=\"section\">\n\t\t\t\t\t\t<div class=\"elementor-container elementor-column-gap-default\">\n\t\t\t\t\t\t\t<div class=\"elementor-row\">\n\t\t\t\t\t<div class=\"elementor-column elementor-col-100 elementor-top-column elementor-element elementor-element-70593e6\" data-id=\"70593e6\" data-element_type=\"column\">\n\t\t\t<div class=\"elementor-column-wrap elementor-element-populated\">\n\t\t\t\t\t\t\t<div class=\"elementor-widget-wrap\">\n\t\t\t\t\t\t<div class=\"elementor-element elementor-element-b8bd2e6 elementor-widget elementor-widget-heading\" data-id=\"b8bd2e6\" data-element_type=\"widget\" data-widget_type=\"heading.default\">\n\t\t\t\t<div class=\"elementor-widget-container\">\n\t\t\t<h2 class=\"elementor-heading-title elementor-size-default\">Entz\u00fcndungen verhindern<\/h2>\t\t<\/div>\n\t\t\t\t<\/div>\n\t\t\t\t<div class=\"elementor-element elementor-element-9957cc0 elementor-widget elementor-widget-text-editor\" data-id=\"9957cc0\" data-element_type=\"widget\" data-widget_type=\"text-editor.default\">\n\t\t\t\t<div class=\"elementor-widget-container\">\n\t\t\t\t\t\t\t\t<div class=\"elementor-text-editor elementor-clearfix\">\n\t\t\t\t\t<ol><li>Astaxanthin ist ein extrem starkes Antioxidans gegen stille Entz\u00fcndungen im K\u00f6rper.\u00a0<\/li><\/ol><p>2. Auch Ingwer und Kurkuma haben sich schon \u00fcberraschend erfolgreich bew\u00e4hrt im Kampf gegen Entz\u00fcndungen.<\/p>\t\t\t\t\t<\/div>\n\t\t\t\t\t\t<\/div>\n\t\t\t\t<\/div>\n\t\t\t\t<div class=\"elementor-element elementor-element-8d239ad elementor-widget elementor-widget-text-editor\" data-id=\"8d239ad\" data-element_type=\"widget\" data-widget_type=\"text-editor.default\">\n\t\t\t\t<div class=\"elementor-widget-container\">\n\t\t\t\t\t\t\t\t<div class=\"elementor-text-editor elementor-clearfix\">\n\t\t\t\t\t<p style=\"text-align: center;\"><span style=\"color: #ff0000;\"><b>So beenden Sie Entz\u00fcndungen<br \/><\/b><\/span><span style=\"color: #ff0000;\"><b>(Astaxanthin &#8211; Ingwer-Kurkuma)<\/b><\/span><b><\/b><\/p><p style=\"text-align: center;\"><a href=\"http:\/\/gesundezellen.net\/arthrose-vorbeugen\/\" rel=\"noopener\"><strong>Wie ich meine Arthrose (= Entz\u00fcndung) beendet habe erfahren Sie Hier<\/strong><\/a><\/p>\t\t\t\t\t<\/div>\n\t\t\t\t\t\t<\/div>\n\t\t\t\t<\/div>\n\t\t\t\t\t\t<\/div>\n\t\t\t\t\t<\/div>\n\t\t<\/div>\n\t\t\t\t\t\t\t\t<\/div>\n\t\t\t\t\t<\/div>\n\t\t<\/section>\n\t\t\t\t<section class=\"elementor-section elementor-top-section elementor-element elementor-element-110d922 elementor-section-boxed elementor-section-height-default elementor-section-height-default\" data-id=\"110d922\" data-element_type=\"section\">\n\t\t\t\t\t\t<div class=\"elementor-container elementor-column-gap-default\">\n\t\t\t\t\t\t\t<div class=\"elementor-row\">\n\t\t\t\t\t<div class=\"elementor-column elementor-col-100 elementor-top-column elementor-element elementor-element-b1801bb\" data-id=\"b1801bb\" data-element_type=\"column\">\n\t\t\t<div class=\"elementor-column-wrap\">\n\t\t\t\t\t\t\t<div class=\"elementor-widget-wrap\">\n\t\t\t\t\t\t\t\t<\/div>\n\t\t\t\t\t<\/div>\n\t\t<\/div>\n\t\t\t\t\t\t\t\t<\/div>\n\t\t\t\t\t<\/div>\n\t\t<\/section>\n\t\t\t\t<section class=\"elementor-section elementor-top-section elementor-element elementor-element-b4cce30 elementor-section-boxed elementor-section-height-default elementor-section-height-default\" data-id=\"b4cce30\" data-element_type=\"section\">\n\t\t\t\t\t\t<div class=\"elementor-container elementor-column-gap-default\">\n\t\t\t\t\t\t\t<div class=\"elementor-row\">\n\t\t\t\t\t<div class=\"elementor-column elementor-col-100 elementor-top-column elementor-element elementor-element-17b3b40\" data-id=\"17b3b40\" data-element_type=\"column\">\n\t\t\t<div class=\"elementor-column-wrap elementor-element-populated\">\n\t\t\t\t\t\t\t<div class=\"elementor-widget-wrap\">\n\t\t\t\t\t\t<div class=\"elementor-element elementor-element-a9f1018 elementor-widget elementor-widget-text-editor\" data-id=\"a9f1018\" data-element_type=\"widget\" data-widget_type=\"text-editor.default\">\n\t\t\t\t<div class=\"elementor-widget-container\">\n\t\t\t\t\t\t\t\t<div class=\"elementor-text-editor elementor-clearfix\">\n\t\t\t\t\t<p>Ein weiteres Problem der leise vor sich hin schwelenden unentdeckten Entz\u00fcndungen ist:<\/p><p>Es f\u00fchrt in l\u00e4ngerem Verlauf, oft erst nach Jahrzehnten zur Bildung von Krebs.<\/p>\t\t\t\t\t<\/div>\n\t\t\t\t\t\t<\/div>\n\t\t\t\t<\/div>\n\t\t\t\t\t\t<\/div>\n\t\t\t\t\t<\/div>\n\t\t<\/div>\n\t\t\t\t\t\t\t\t<\/div>\n\t\t\t\t\t<\/div>\n\t\t<\/section>\n\t\t\t\t<section class=\"elementor-section elementor-top-section elementor-element elementor-element-c7c4c32 elementor-section-boxed elementor-section-height-default elementor-section-height-default\" data-id=\"c7c4c32\" data-element_type=\"section\">\n\t\t\t\t\t\t<div class=\"elementor-container elementor-column-gap-default\">\n\t\t\t\t\t\t\t<div class=\"elementor-row\">\n\t\t\t\t\t<div class=\"elementor-column elementor-col-100 elementor-top-column elementor-element elementor-element-1c34c0c\" data-id=\"1c34c0c\" data-element_type=\"column\">\n\t\t\t<div class=\"elementor-column-wrap elementor-element-populated\">\n\t\t\t\t\t\t\t<div class=\"elementor-widget-wrap\">\n\t\t\t\t\t\t<div class=\"elementor-element elementor-element-583580c elementor-widget elementor-widget-text-editor\" data-id=\"583580c\" data-element_type=\"widget\" data-widget_type=\"text-editor.default\">\n\t\t\t\t<div class=\"elementor-widget-container\">\n\t\t\t\t\t\t\t\t<div class=\"elementor-text-editor elementor-clearfix\">\n\t\t\t\t\t<p><a href=\"http:\/\/gesundezellen.net\/gz-start\/arthrose-vorbeugen\/\" rel=\"noopener\"><span style=\"text-decoration: underline;\">\u00a0Arthrose &amp; Arthritis schnell beenden<\/span><\/a><\/p>\t\t\t\t\t<\/div>\n\t\t\t\t\t\t<\/div>\n\t\t\t\t<\/div>\n\t\t\t\t\t\t<\/div>\n\t\t\t\t\t<\/div>\n\t\t<\/div>\n\t\t\t\t\t\t\t\t<\/div>\n\t\t\t\t\t<\/div>\n\t\t<\/section>\n\t\t\t\t\t\t<\/div>\n\t\t\t\t\t\t<\/div>\n\t\t\t\t\t<\/div>\n\t\t","protected":false},"excerpt":{"rendered":"<p>GZ Start gesunde Zellen Grundlagen Entz\u00fcndungen verhindern Arthrose &#038; Arthritis schnell beenden Gl\u00fcck = Serotonin gesundes Herz Was Sie \u00fcber Entz\u00fcndungen wissen m\u00fcssen Entz\u00fcndungen im K\u00f6rper kommen und gehen und sind Teil eines normalen Heilungsprozesses.\u00a0 Aber es gibt auch langandauernde Entz\u00fcndungen, und die sind es, die zu verheerenden Folgen f\u00fchren k\u00f6nnen. Sehr viele Menschen\u00a0 haben [&hellip;]<\/p>\n","protected":false},"author":43,"featured_media":0,"parent":0,"menu_order":0,"comment_status":"closed","ping_status":"closed","template":"elementor_canvas","meta":[],"yst_prominent_words":[],"_links":{"self":[{"href":"https:\/\/gesundezellen.net\/gz-start\/wp-json\/wp\/v2\/pages\/6548"}],"collection":[{"href":"https:\/\/gesundezellen.net\/gz-start\/wp-json\/wp\/v2\/pages"}],"about":[{"href":"https:\/\/gesundezellen.net\/gz-start\/wp-json\/wp\/v2\/types\/page"}],"author":[{"embeddable":true,"href":"https:\/\/gesundezellen.net\/gz-start\/wp-json\/wp\/v2\/users\/43"}],"replies":[{"embeddable":true,"href":"https:\/\/gesundezellen.net\/gz-start\/wp-json\/wp\/v2\/comments?post=6548"}],"version-history":[{"count":6,"href":"https:\/\/gesundezellen.net\/gz-start\/wp-json\/wp\/v2\/pages\/6548\/revisions"}],"predecessor-version":[{"id":6828,"href":"https:\/\/gesundezellen.net\/gz-start\/wp-json\/wp\/v2\/pages\/6548\/revisions\/6828"}],"wp:attachment":[{"href":"https:\/\/gesundezellen.net\/gz-start\/wp-json\/wp\/v2\/media?parent=6548"}],"wp:term":[{"taxonomy":"yst_prominent_words","embeddable":true,"href":"https:\/\/gesundezellen.net\/gz-start\/wp-json\/wp\/v2\/yst_prominent_words?post=6548"}],"curies":[{"name":"wp","href":"https:\/\/api.w.org\/{rel}","templated":true}]}}